{"id":1927,"date":"2024-04-23T10:52:16","date_gmt":"2024-04-23T10:52:16","guid":{"rendered":"https:\/\/designingmedia.com\/lawfinity\/?page_id=1927"},"modified":"2025-06-02T11:14:54","modified_gmt":"2025-06-02T11:14:54","slug":"contact","status":"publish","type":"page","link":"https:\/\/lumin.com.tr\/tr\/contact\/","title":{"rendered":"\u0130leti\u015fim"},"content":{"rendered":"<div data-elementor-type=\"wp-page\" data-elementor-id=\"1927\" class=\"elementor elementor-1927\">\n\t\t\t\t<div class=\"elementor-element elementor-element-67ca3505 e-flex e-con-boxed e-con e-parent\" data-id=\"67ca3505\" data-element_type=\"container\" data-settings=\"{&quot;background_background&quot;:&quot;classic&quot;}\">\n\t\t\t\t\t<div class=\"e-con-inner\">\n\t\t<div class=\"elementor-element elementor-element-23421a91 e-flex e-con-boxed e-con e-child\" data-id=\"23421a91\" data-element_type=\"container\">\n\t\t\t\t\t<div class=\"e-con-inner\">\n\t\t<div class=\"elementor-element elementor-element-47eb1fe3 e-flex e-con-boxed e-con e-child\" data-id=\"47eb1fe3\" data-element_type=\"container\">\n\t\t\t\t\t<div class=\"e-con-inner\">\n\t\t<div class=\"elementor-element elementor-element-4b551258 e-flex e-con-boxed e-con e-child\" data-id=\"4b551258\" data-element_type=\"container\">\n\t\t\t\t\t<div class=\"e-con-inner\">\n\t\t\t\t<div class=\"elementor-element elementor-element-37f16c50 elementor-widget elementor-widget-image\" data-id=\"37f16c50\" data-element_type=\"widget\" data-widget_type=\"image.default\">\n\t\t\t\t<div class=\"elementor-widget-container\">\n\t\t\t\t\t\t\t\t\t\t\t\t\t\t\t<img decoding=\"async\" width=\"23\" height=\"2\" src=\"https:\/\/lumin.com.tr\/wp-content\/uploads\/2024\/04\/line-img.jpg\" class=\"attachment-full size-full wp-image-31\" alt=\"\" \/>\t\t\t\t\t\t\t\t\t\t\t\t\t\t\t<\/div>\n\t\t\t\t<\/div>\n\t\t\t\t<div class=\"elementor-element elementor-element-5a9e50f9 elementor-widget elementor-widget-heading\" data-id=\"5a9e50f9\" data-element_type=\"widget\" data-widget_type=\"heading.default\">\n\t\t\t\t<div class=\"elementor-widget-container\">\n\t\t\t\t\t<div class=\"elementor-heading-title elementor-size-default\">CONTACT INFO<\/div>\t\t\t\t<\/div>\n\t\t\t\t<\/div>\n\t\t\t\t\t<\/div>\n\t\t\t\t<\/div>\n\t\t\t\t<div class=\"elementor-element elementor-element-3f4f7d70 elementor-widget elementor-widget-heading\" data-id=\"3f4f7d70\" data-element_type=\"widget\" data-widget_type=\"heading.default\">\n\t\t\t\t<div class=\"elementor-widget-container\">\n\t\t\t\t\t<h2 class=\"elementor-heading-title elementor-size-default\">\u0130leti\u015fim bilgilerimiz <\/h2>\t\t\t\t<\/div>\n\t\t\t\t<\/div>\n\t\t\t\t\t<\/div>\n\t\t\t\t<\/div>\n\t\t<div class=\"elementor-element elementor-element-2c4c86c0 e-con-full e-flex elementor-invisible e-con e-child\" data-id=\"2c4c86c0\" data-element_type=\"container\" data-settings=\"{&quot;animation&quot;:&quot;fadeInUp&quot;}\">\n\t\t<div class=\"elementor-element elementor-element-7c4543ed e-con-full e-flex e-con e-child\" data-id=\"7c4543ed\" data-element_type=\"container\" data-settings=\"{&quot;background_background&quot;:&quot;classic&quot;}\">\n\t\t\t\t<div class=\"elementor-element elementor-element-6c7a27bd elementor-widget elementor-widget-image\" data-id=\"6c7a27bd\" data-element_type=\"widget\" data-widget_type=\"image.default\">\n\t\t\t\t<div class=\"elementor-widget-container\">\n\t\t\t\t\t\t\t\t\t\t\t\t\t\t\t<img decoding=\"async\" src=\"https:\/\/designingmedia.com\/lawfinity\/wp-content\/uploads\/2024\/04\/location.png\" title=\"\" alt=\"\" class=\"elementor-animation-float\" loading=\"lazy\" \/>\t\t\t\t\t\t\t\t\t\t\t\t\t\t\t<\/div>\n\t\t\t\t<\/div>\n\t\t\t\t<div class=\"elementor-element elementor-element-1cae0d96 elementor-widget elementor-widget-heading\" data-id=\"1cae0d96\" data-element_type=\"widget\" data-widget_type=\"heading.default\">\n\t\t\t\t<div class=\"elementor-widget-container\">\n\t\t\t\t\t<h6 class=\"elementor-heading-title elementor-size-default\">Konum<\/h6>\t\t\t\t<\/div>\n\t\t\t\t<\/div>\n\t\t\t\t<div class=\"elementor-element elementor-element-704726db elementor-widget elementor-widget-text-editor\" data-id=\"704726db\" data-element_type=\"widget\" data-widget_type=\"text-editor.default\">\n\t\t\t\t<div class=\"elementor-widget-container\">\n\t\t\t\t\t\t\t\t\t<p>MOLLA G\u00dcRAN\u0130 MAH. NAK\u0130BUL-E\u015eRAF SK. FUNDA Ap. 6 \u0130\u00c7 KAPI NO: 6 FAT\u0130H \u0130STANBUL<\/p>\t\t\t\t\t\t\t\t<\/div>\n\t\t\t\t<\/div>\n\t\t\t\t<\/div>\n\t\t<div class=\"elementor-element elementor-element-1fe44b81 e-con-full e-flex e-con e-child\" data-id=\"1fe44b81\" data-element_type=\"container\" data-settings=\"{&quot;background_background&quot;:&quot;classic&quot;}\">\n\t\t\t\t<div class=\"elementor-element elementor-element-430d7d14 elementor-widget elementor-widget-image\" data-id=\"430d7d14\" data-element_type=\"widget\" data-widget_type=\"image.default\">\n\t\t\t\t<div class=\"elementor-widget-container\">\n\t\t\t\t\t\t\t\t\t\t\t\t\t\t\t<img decoding=\"async\" width=\"58\" height=\"58\" src=\"https:\/\/lumin.com.tr\/wp-content\/uploads\/2024\/04\/location.png\" class=\"elementor-animation-float attachment-full size-full wp-image-1936\" alt=\"\" \/>\t\t\t\t\t\t\t\t\t\t\t\t\t\t\t<\/div>\n\t\t\t\t<\/div>\n\t\t\t\t<div class=\"elementor-element elementor-element-12e37086 elementor-widget elementor-widget-heading\" data-id=\"12e37086\" data-element_type=\"widget\" data-widget_type=\"heading.default\">\n\t\t\t\t<div class=\"elementor-widget-container\">\n\t\t\t\t\t<h6 class=\"elementor-heading-title elementor-size-default\">Telefon numaras\u0131<\/h6>\t\t\t\t<\/div>\n\t\t\t\t<\/div>\n\t\t\t\t<div class=\"elementor-element elementor-element-3422c57a elementor-widget elementor-widget-text-editor\" data-id=\"3422c57a\" data-element_type=\"widget\" data-widget_type=\"text-editor.default\">\n\t\t\t\t<div class=\"elementor-widget-container\">\n\t\t\t\t\t\t\t\t\t<p>+90 533 737 88 92<\/p>\t\t\t\t\t\t\t\t<\/div>\n\t\t\t\t<\/div>\n\t\t\t\t<\/div>\n\t\t<div class=\"elementor-element elementor-element-7795edf0 e-con-full e-flex e-con e-child\" data-id=\"7795edf0\" data-element_type=\"container\" data-settings=\"{&quot;background_background&quot;:&quot;classic&quot;}\">\n\t\t\t\t<div class=\"elementor-element elementor-element-43447544 elementor-widget elementor-widget-image\" data-id=\"43447544\" data-element_type=\"widget\" data-widget_type=\"image.default\">\n\t\t\t\t<div class=\"elementor-widget-container\">\n\t\t\t\t\t\t\t\t\t\t\t\t\t\t\t<img decoding=\"async\" width=\"55\" height=\"55\" src=\"https:\/\/lumin.com.tr\/wp-content\/uploads\/2024\/04\/phone.png\" class=\"elementor-animation-float attachment-full size-full wp-image-1937\" alt=\"\" \/>\t\t\t\t\t\t\t\t\t\t\t\t\t\t\t<\/div>\n\t\t\t\t<\/div>\n\t\t\t\t<div class=\"elementor-element elementor-element-7bd13494 elementor-widget elementor-widget-heading\" data-id=\"7bd13494\" data-element_type=\"widget\" data-widget_type=\"heading.default\">\n\t\t\t\t<div class=\"elementor-widget-container\">\n\t\t\t\t\t<h6 class=\"elementor-heading-title elementor-size-default\">E-mail<\/h6>\t\t\t\t<\/div>\n\t\t\t\t<\/div>\n\t\t\t\t<div class=\"elementor-element elementor-element-15d5b3b3 elementor-widget elementor-widget-text-editor\" data-id=\"15d5b3b3\" data-element_type=\"widget\" data-widget_type=\"text-editor.default\">\n\t\t\t\t<div class=\"elementor-widget-container\">\n\t\t\t\t\t\t\t\t\t<p>info@lumin.com.tr<br \/><br \/><\/p>\t\t\t\t\t\t\t\t<\/div>\n\t\t\t\t<\/div>\n\t\t\t\t<\/div>\n\t\t\t\t<\/div>\n\t\t\t\t\t<\/div>\n\t\t\t\t<\/div>\n\t\t\t\t\t<\/div>\n\t\t\t\t<\/div>\n\t\t<div class=\"elementor-element elementor-element-5850609 e-con-full e-flex e-con e-parent\" data-id=\"5850609\" data-element_type=\"container\" data-settings=\"{&quot;background_background&quot;:&quot;classic&quot;}\">\n\t\t<div class=\"elementor-element elementor-element-424ca85 e-con-full e-flex e-con e-child\" data-id=\"424ca85\" data-element_type=\"container\" data-settings=\"{&quot;background_background&quot;:&quot;classic&quot;}\">\n\t\t\t\t<div class=\"elementor-element elementor-element-2f85e66 elementor-widget-divider--view-line elementor-widget elementor-widget-divider\" data-id=\"2f85e66\" data-element_type=\"widget\" data-widget_type=\"divider.default\">\n\t\t\t\t<div class=\"elementor-widget-container\">\n\t\t\t\t\t\t\t<div class=\"elementor-divider\">\n\t\t\t<span class=\"elementor-divider-separator\">\n\t\t\t\t\t\t<\/span>\n\t\t<\/div>\n\t\t\t\t\t\t<\/div>\n\t\t\t\t<\/div>\n\t\t\t\t<\/div>\n\t\t<div class=\"elementor-element elementor-element-37fb86b e-con-full e-flex e-con e-child\" data-id=\"37fb86b\" data-element_type=\"container\">\n\t\t<div class=\"elementor-element elementor-element-5a5efa8 e-con-full e-flex elementor-invisible e-con e-child\" data-id=\"5a5efa8\" data-element_type=\"container\" data-settings=\"{&quot;animation&quot;:&quot;fadeIn&quot;}\">\n\t\t<div class=\"elementor-element elementor-element-39c380a e-flex e-con-boxed e-con e-child\" data-id=\"39c380a\" data-element_type=\"container\">\n\t\t\t\t\t<div class=\"e-con-inner\">\n\t\t\t\t<div class=\"elementor-element elementor-element-0e8a5cd elementor-widget elementor-widget-image\" data-id=\"0e8a5cd\" data-element_type=\"widget\" data-widget_type=\"image.default\">\n\t\t\t\t<div class=\"elementor-widget-container\">\n\t\t\t\t\t\t\t\t\t\t\t\t\t\t\t<img loading=\"lazy\" decoding=\"async\" width=\"23\" height=\"2\" src=\"https:\/\/lumin.com.tr\/wp-content\/uploads\/2024\/04\/Get-in-touch-line-img.png\" class=\"attachment-full size-full wp-image-46\" alt=\"\" \/>\t\t\t\t\t\t\t\t\t\t\t\t\t\t\t<\/div>\n\t\t\t\t<\/div>\n\t\t\t\t<div class=\"elementor-element elementor-element-1134a44 elementor-widget elementor-widget-heading\" data-id=\"1134a44\" data-element_type=\"widget\" data-widget_type=\"heading.default\">\n\t\t\t\t<div class=\"elementor-widget-container\">\n\t\t\t\t\t<div class=\"elementor-heading-title elementor-size-default\">\u0130leti\u015fim<\/div>\t\t\t\t<\/div>\n\t\t\t\t<\/div>\n\t\t\t\t\t<\/div>\n\t\t\t\t<\/div>\n\t\t\t\t<div class=\"elementor-element elementor-element-165b441 elementor-widget elementor-widget-heading\" data-id=\"165b441\" data-element_type=\"widget\" data-widget_type=\"heading.default\">\n\t\t\t\t<div class=\"elementor-widget-container\">\n\t\t\t\t\t<h2 class=\"elementor-heading-title elementor-size-default\">\u00dccretsiz Dan\u0131\u015fmanl\u0131k<\/h2>\t\t\t\t<\/div>\n\t\t\t\t<\/div>\n\t\t\t\t<div class=\"elementor-element elementor-element-799060f elementor-widget elementor-widget-shortcode\" data-id=\"799060f\" data-element_type=\"widget\" data-widget_type=\"shortcode.default\">\n\t\t\t\t<div class=\"elementor-widget-container\">\n\t\t\t\t\t\t\t<div class=\"elementor-shortcode\">\n<div class=\"wpcf7 no-js\" id=\"wpcf7-f2627-o1\" lang=\"en-US\" dir=\"ltr\" data-wpcf7-id=\"2627\">\n<div class=\"screen-reader-response\"><p role=\"status\" aria-live=\"polite\" aria-atomic=\"true\"><\/p> <ul><\/ul><\/div>\n<form action=\"\/tr\/wp-json\/wp\/v2\/pages\/1927#wpcf7-f2627-o1\" method=\"post\" class=\"wpcf7-form init\" aria-label=\"Contact form\" novalidate=\"novalidate\" data-status=\"init\" data-trp-original-action=\"\/tr\/wp-json\/wp\/v2\/pages\/1927#wpcf7-f2627-o1\">\n<div style=\"display: none;\">\n<input type=\"hidden\" name=\"_wpcf7\" value=\"2627\" \/>\n<input type=\"hidden\" name=\"_wpcf7_version\" value=\"6.0.6\" \/>\n<input type=\"hidden\" name=\"_wpcf7_locale\" value=\"en_US\" \/>\n<input type=\"hidden\" name=\"_wpcf7_unit_tag\" value=\"wpcf7-f2627-o1\" \/>\n<input type=\"hidden\" name=\"_wpcf7_container_post\" value=\"0\" \/>\n<input type=\"hidden\" name=\"_wpcf7_posted_data_hash\" value=\"\" \/>\n<\/div>\n<section class=\"consultation-con position-relative\">\n    <div class=\"consultation_content\" data-aos=\"fade-up\">\n        <div class=\"form-group input1 float-left\">\n            <span class=\"wpcf7-form-control-wrap\" data-name=\"fname\"><input size=\"40\" maxlength=\"400\" class=\"wpcf7-form-control wpcf7-text form_style\" aria-invalid=\"false\" value=\"Name\" type=\"text\" name=\"fname\" \/><\/span>\n        <\/div>\n        <div class=\"form-group float-left\">\n            <span class=\"wpcf7-form-control-wrap\" data-name=\"phone\"><input size=\"40\" maxlength=\"400\" class=\"wpcf7-form-control wpcf7-text form_style\" aria-invalid=\"false\" value=\"Phone\" type=\"text\" name=\"phone\" \/><\/span>\n        <\/div>\n        <div class=\"form-group input1 float-left\">\n            <span class=\"wpcf7-form-control-wrap\" data-name=\"email\"><input size=\"40\" maxlength=\"400\" class=\"wpcf7-form-control wpcf7-email wpcf7-validates-as-required wpcf7-text wpcf7-validates-as-email form_style\" aria-required=\"true\" aria-invalid=\"false\" value=\"Email\" type=\"email\" name=\"email\" \/><\/span>\n        <\/div>\n        <div class=\"form-group float-left\">\n            <span class=\"wpcf7-form-control-wrap\" data-name=\"area\"><select class=\"wpcf7-form-control wpcf7-select form-control\" aria-invalid=\"false\" name=\"area\"><option value=\"Practice Area\">Practice Area<\/option><option value=\"Immigration Law\">Immigration Law<\/option><option value=\"Business Law\">Business Law<\/option><option value=\"Criminal Law\">Criminal Law<\/option><\/select><\/span>\n        <\/div>\n        <div class=\"form-group message\">\n            <span class=\"wpcf7-form-control-wrap\" data-name=\"msg\"><textarea cols=\"40\" rows=\"10\" maxlength=\"2000\" class=\"wpcf7-form-control wpcf7-textarea form_style\" aria-invalid=\"false\" name=\"msg\">Message<\/textarea><\/span>\n        <\/div>\n        <button id=\"submit\" type=\"submit\" class=\"appointment\">G\u00f6r\u00fc\u015fm\u00fc Ba\u015flat<i class=\"fa-solid fa-arrow-right\"><\/i><\/button>\n    <\/div>\n<\/section><div class=\"wpcf7-response-output\" aria-hidden=\"true\"><\/div>\n<input type=\"hidden\" name=\"trp-form-language\" value=\"tr\"\/><\/form>\n<\/div>\n<\/div>\n\t\t\t\t\t\t<\/div>\n\t\t\t\t<\/div>\n\t\t\t\t<\/div>\n\t\t\t\t<\/div>\n\t\t\t\t<\/div>\n\t\t<div class=\"elementor-element elementor-element-5fdfc0d8 e-flex e-con-boxed e-con e-parent\" data-id=\"5fdfc0d8\" data-element_type=\"container\">\n\t\t\t\t\t<div class=\"e-con-inner\">\n\t\t\t\t<div class=\"elementor-element elementor-element-16b5bc04 elementor-widget elementor-widget-google_maps\" data-id=\"16b5bc04\" data-element_type=\"widget\" data-widget_type=\"google_maps.default\">\n\t\t\t\t<div class=\"elementor-widget-container\">\n\t\t\t\t\t\t\t<div class=\"elementor-custom-embed\">\n\t\t\t<iframe loading=\"lazy\"\n\t\t\t\t\tsrc=\"https:\/\/maps.google.com\/maps?q=MOLLA%20G%C3%9CRAN%C4%B0%20MAH.%20NAK%C4%B0BUL-E%C5%9ERAF%20SK.%20FUNDA%20Ap.%206%20%C4%B0%C3%87%20KAPI%20NO%3A%206%20FAT%C4%B0H%20%C4%B0STANBUL&#038;t=m&#038;z=20&#038;output=embed&#038;iwloc=near\"\n\t\t\t\t\ttitle=\"MOLLA G\u00dcRAN\u0130 MAH. NAK\u0130BUL-E\u015eRAF SK. FUNDA Ap. 6 \u0130\u00c7 KAPI NO: 6 FAT\u0130H \u0130STANBUL\"\n\t\t\t\t\taria-label=\"MOLLA G\u00dcRAN\u0130 MAH. NAK\u0130BUL-E\u015eRAF SK. FUNDA Ap. 6 \u0130\u00c7 KAPI NO: 6 FAT\u0130H \u0130STANBUL\"\n\t\t\t><\/iframe>\n\t\t<\/div>\n\t\t\t\t\t\t<\/div>\n\t\t\t\t<\/div>\n\t\t\t\t\t<\/div>\n\t\t\t\t<\/div>\n\t\t\t\t<\/div>","protected":false},"excerpt":{"rendered":"<p>CONTACT INFO Our Contact Information Our Location MOLLA G\u00dcRAN\u0130 MAH. NAK\u0130BUL-E\u015eRAF SK. FUNDA Ap. 6 \u0130\u00c7 KAPI NO: 6 FAT\u0130H \u0130STANBUL Phone Number: +90 533 737 88 92 Email us at: info@lumin.com.tr GET IN TOUCH Book a free consultation<\/p>","protected":false},"author":1,"featured_media":1875,"parent":0,"menu_order":0,"comment_status":"closed","ping_status":"closed","template":"elementor_header_footer","meta":{"footnotes":""},"class_list":["post-1927","page","type-page","status-publish","has-post-thumbnail","hentry"],"_links":{"self":[{"href":"https:\/\/lumin.com.tr\/tr\/wp-json\/wp\/v2\/pages\/1927","targetHints":{"allow":["GET"]}}],"collection":[{"href":"https:\/\/lumin.com.tr\/tr\/wp-json\/wp\/v2\/pages"}],"about":[{"href":"https:\/\/lumin.com.tr\/tr\/wp-json\/wp\/v2\/types\/page"}],"author":[{"embeddable":true,"href":"https:\/\/lumin.com.tr\/tr\/wp-json\/wp\/v2\/users\/1"}],"replies":[{"embeddable":true,"href":"https:\/\/lumin.com.tr\/tr\/wp-json\/wp\/v2\/comments?post=1927"}],"version-history":[{"count":10,"href":"https:\/\/lumin.com.tr\/tr\/wp-json\/wp\/v2\/pages\/1927\/revisions"}],"predecessor-version":[{"id":2839,"href":"https:\/\/lumin.com.tr\/tr\/wp-json\/wp\/v2\/pages\/1927\/revisions\/2839"}],"wp:featuredmedia":[{"embeddable":true,"href":"https:\/\/lumin.com.tr\/tr\/wp-json\/wp\/v2\/media\/1875"}],"wp:attachment":[{"href":"https:\/\/lumin.com.tr\/tr\/wp-json\/wp\/v2\/media?parent=1927"}],"curies":[{"name":"wp","href":"https:\/\/api.w.org\/{rel}","templated":true}]}}